{"id":3,"date":"2024-09-06T09:21:11","date_gmt":"2024-09-06T07:21:11","guid":{"rendered":"https:\/\/middleearthvault.com\/?page_id=3"},"modified":"2025-04-16T09:35:08","modified_gmt":"2025-04-16T07:35:08","slug":"skarbiec-srodziemia","status":"publish","type":"page","link":"https:\/\/middleearthvault.com\/?page_id=3","title":{"rendered":"Skarbiec \u015ar\u00f3dziemia"},"content":{"rendered":"\t\t<div data-elementor-type=\"wp-page\" data-elementor-id=\"3\" class=\"elementor elementor-3\">\n\t\t\t\t<div class=\"elementor-element elementor-element-25a7096c e-flex e-con-boxed e-con e-parent\" data-id=\"25a7096c\" data-element_type=\"container\" data-e-type=\"container\">\n\t\t\t\t\t<div class=\"e-con-inner\">\n\t\t\t\t<div class=\"elementor-element elementor-element-5042efb9 elementor-widget elementor-widget-text-editor\" data-id=\"5042efb9\" data-element_type=\"widget\" data-e-type=\"widget\" data-widget_type=\"text-editor.default\">\n\t\t\t\t<div class=\"elementor-widget-container\">\n\t\t\t\t\t\t\t\t\t\n<h2 class=\"wp-block-heading\">Kim jeste\u015bmy<\/h2>\n\n<p>Adres naszej strony internetowej to: https:\/\/middleearthvault.com. Zajmujemy si\u0119 tw\u00f3rczo\u015bci\u0105 J.R.R Tolkiena oraz ca\u0142ym \u015ar\u00f3dziemiem. Zapraszamy aby czerpa\u0107 wiedz\u0119 ze Skarbca \u015ar\u00f3dziemia.<\/p>\n\n<h2 class=\"wp-block-heading\">Prawa autorskie<\/h2>\n<p>\u015ar\u00f3dziemie,\u00a0 Bohaterowie, Miejsca, Artefakty, Ziemie, Kraina natury, Ciekawostki oraz Wydarzenia wspomniane na tej stronie <strong>s\u0105 w\u0142asno\u015bci\u0105 J<span class=\"hljs-selector-class\">.R<\/span><span class=\"hljs-selector-class\">.R<\/span>. Tolkiena <span class=\"hljs-selector-tag\">i<\/span> jego spadkobierc\u00f3w<\/strong> oraz firm, kt\u00f3re posiadaj\u0105 prawa do tych dzie\u0142. Ta strona jest fanowsk\u0105 stron\u0105 po\u015bwi\u0119con\u0105 analizie <span class=\"hljs-selector-tag\">i<\/span> dyskusji na temat tw\u00f3rczo\u015bci Tolkiena <span class=\"hljs-selector-tag\">i<\/span> nie jest powi\u0105zana z \u017cadnymi oficjalnymi podmiotami. Wszystkie tre\u015bci na tej stronie s\u0105 wynikiem naszej w\u0142asnej interpretacji <span class=\"hljs-selector-tag\">i<\/span> analizy.<\/p>\n<p>\u00a0<\/p>\n\n<p>\u00a0<\/p>\n\n<p>\u00a0<\/p>\n\n<p>\u00a0<\/p>\n\n<p>\u00a0<\/p>\n\n<p>\u00a0<\/p>\n\t\t\t\t\t\t\t\t<\/div>\n\t\t\t\t<\/div>\n\t\t\t\t\t<\/div>\n\t\t\t\t<\/div>\n\t\t<div class=\"elementor-element elementor-element-acee71a e-flex e-con-boxed e-con e-parent\" data-id=\"acee71a\" data-element_type=\"container\" data-e-type=\"container\">\n\t\t\t\t\t<div class=\"e-con-inner\">\n\t\t\t\t<div class=\"elementor-element elementor-element-623066f elementor-arrows-position-inside elementor-pagination-position-outside elementor-widget elementor-widget-image-carousel\" data-id=\"623066f\" data-element_type=\"widget\" data-e-type=\"widget\" data-settings=\"{&quot;navigation&quot;:&quot;both&quot;,&quot;autoplay&quot;:&quot;yes&quot;,&quot;pause_on_hover&quot;:&quot;yes&quot;,&quot;pause_on_interaction&quot;:&quot;yes&quot;,&quot;autoplay_speed&quot;:5000,&quot;infinite&quot;:&quot;yes&quot;,&quot;speed&quot;:500}\" data-widget_type=\"image-carousel.default\">\n\t\t\t\t<div class=\"elementor-widget-container\">\n\t\t\t\t\t\t\t<div class=\"elementor-image-carousel-wrapper swiper\" role=\"region\" aria-roledescription=\"carousel\" aria-label=\"Karuzela obrazk\u00f3w\" dir=\"ltr\">\n\t\t\t<div class=\"elementor-image-carousel swiper-wrapper\" aria-live=\"off\">\n\t\t\t\t\t\t\t\t<div class=\"swiper-slide\" role=\"group\" aria-roledescription=\"slide\" aria-label=\"1 z 7\"><figure class=\"swiper-slide-inner\"><img decoding=\"async\" class=\"swiper-slide-image\" src=\"https:\/\/middleearthvault.com\/wp-content\/uploads\/2024\/09\/Rohirrimowie-2-150x150.jpg\" alt=\"Rohirrimowie\" \/><\/figure><\/div><div class=\"swiper-slide\" role=\"group\" aria-roledescription=\"slide\" aria-label=\"2 z 7\"><figure class=\"swiper-slide-inner\"><img decoding=\"async\" class=\"swiper-slide-image\" src=\"https:\/\/middleearthvault.com\/wp-content\/uploads\/2024\/09\/ithilien-150x150.png\" alt=\"ithilien\" \/><\/figure><\/div><div class=\"swiper-slide\" role=\"group\" aria-roledescription=\"slide\" aria-label=\"3 z 7\"><figure class=\"swiper-slide-inner\"><img decoding=\"async\" class=\"swiper-slide-image\" src=\"https:\/\/middleearthvault.com\/wp-content\/uploads\/2024\/09\/kraina-natury-1-150x150.png\" alt=\"kraina natury\" \/><\/figure><\/div><div class=\"swiper-slide\" role=\"group\" aria-roledescription=\"slide\" aria-label=\"4 z 7\"><figure class=\"swiper-slide-inner\"><img decoding=\"async\" class=\"swiper-slide-image\" src=\"https:\/\/middleearthvault.com\/wp-content\/uploads\/2024\/09\/Gondor-knight-1-150x150.jpg\" alt=\"Gondor knight\" \/><\/figure><\/div><div class=\"swiper-slide\" role=\"group\" aria-roledescription=\"slide\" aria-label=\"5 z 7\"><figure class=\"swiper-slide-inner\"><img decoding=\"async\" class=\"swiper-slide-image\" src=\"https:\/\/middleearthvault.com\/wp-content\/uploads\/2024\/09\/e5e7a3b5-d65e-4f94-940d-fcd0b0233e4c-150x150.jpg\" alt=\"_e5e7a3b5-d65e-4f94-940d-fcd0b0233e4c\" \/><\/figure><\/div><div class=\"swiper-slide\" role=\"group\" aria-roledescription=\"slide\" aria-label=\"6 z 7\"><figure class=\"swiper-slide-inner\"><img decoding=\"async\" class=\"swiper-slide-image\" src=\"https:\/\/middleearthvault.com\/wp-content\/uploads\/2024\/09\/barad-dur-1-150x150.png\" alt=\"barad dur\" \/><\/figure><\/div><div class=\"swiper-slide\" role=\"group\" aria-roledescription=\"slide\" aria-label=\"7 z 7\"><figure class=\"swiper-slide-inner\"><img decoding=\"async\" class=\"swiper-slide-image\" src=\"https:\/\/middleearthvault.com\/wp-content\/uploads\/2024\/09\/Aragorn-1-150x150.jpg\" alt=\"Aragorn\" \/><\/figure><\/div>\t\t\t<\/div>\n\t\t\t\t\t\t\t\t\t\t\t\t<div class=\"elementor-swiper-button elementor-swiper-button-prev\" role=\"button\" tabindex=\"0\">\n\t\t\t\t\t\t<svg aria-hidden=\"true\" class=\"e-font-icon-svg e-eicon-chevron-left\" viewBox=\"0 0 1000 1000\" xmlns=\"http:\/\/www.w3.org\/2000\/svg\"><path d=\"M646 125C629 125 613 133 604 142L308 442C296 454 292 471 292 487 292 504 296 521 308 533L604 854C617 867 629 875 646 875 663 875 679 871 692 858 704 846 713 829 713 812 713 796 708 779 692 767L438 487 692 225C700 217 708 204 708 187 708 171 704 154 692 142 675 129 663 125 646 125Z\"><\/path><\/svg>\t\t\t\t\t<\/div>\n\t\t\t\t\t<div class=\"elementor-swiper-button elementor-swiper-button-next\" role=\"button\" tabindex=\"0\">\n\t\t\t\t\t\t<svg aria-hidden=\"true\" class=\"e-font-icon-svg e-eicon-chevron-right\" viewBox=\"0 0 1000 1000\" xmlns=\"http:\/\/www.w3.org\/2000\/svg\"><path d=\"M696 533C708 521 713 504 713 487 713 471 708 454 696 446L400 146C388 133 375 125 354 125 338 125 325 129 313 142 300 154 292 171 292 187 292 204 296 221 308 233L563 492 304 771C292 783 288 800 288 817 288 833 296 850 308 863 321 871 338 875 354 875 371 875 388 867 400 854L696 533Z\"><\/path><\/svg>\t\t\t\t\t<\/div>\n\t\t\t\t\n\t\t\t\t\t\t\t\t\t<div class=\"swiper-pagination\"><\/div>\n\t\t\t\t\t\t\t\t\t<\/div>\n\t\t\t\t\t\t<\/div>\n\t\t\t\t<\/div>\n\t\t\t\t\t<\/div>\n\t\t\t\t<\/div>\n\t\t<div class=\"elementor-element elementor-element-243ec83 e-flex e-con-boxed e-con e-parent\" data-id=\"243ec83\" data-element_type=\"container\" data-e-type=\"container\">\n\t\t\t\t\t<div class=\"e-con-inner\">\n\t\t\t\t\t<\/div>\n\t\t\t\t<\/div>\n\t\t\t\t<\/div>\n\t\t","protected":false},"excerpt":{"rendered":"<p>Kim jeste\u015bmy Adres naszej strony internetowej to: https:\/\/middleearthvault.com. Zajmujemy si\u0119 tw\u00f3rczo\u015bci\u0105 J.R.R Tolkiena oraz ca\u0142ym \u015ar\u00f3dziemiem. Zapraszamy aby czerpa\u0107 wiedz\u0119 ze Skarbca \u015ar\u00f3dziemia. Prawa autorskie \u015ar\u00f3dziemie,\u00a0 Bohaterowie, Miejsca, Artefakty, Ziemie, Kraina natury, Ciekawostki oraz Wydarzenia wspomniane na tej stronie s\u0105 w\u0142asno\u015bci\u0105 J.R.R. Tolkiena i jego [&hellip;]<\/p>\n","protected":false},"author":1,"featured_media":0,"parent":0,"menu_order":0,"comment_status":"closed","ping_status":"open","template":"","meta":{"om_disable_all_campaigns":false,"_monsterinsights_skip_tracking":false,"_monsterinsights_sitenote_active":false,"_monsterinsights_sitenote_note":"","_monsterinsights_sitenote_category":0,"_uf_show_specific_survey":0,"_uf_disable_surveys":false,"ngg_post_thumbnail":0,"footnotes":""},"class_list":["post-3","page","type-page","status-publish","hentry"],"aioseo_notices":[],"yoast_head":"<!-- This site is optimized with the Yoast SEO plugin v27.4 - https:\/\/yoast.com\/product\/yoast-seo-wordpress\/ -->\n<title>Skarbiec \u015ar\u00f3dziemia - Skarbiec \u015ar\u00f3dziemia<\/title>\n<meta name=\"robots\" content=\"index, follow, max-snippet:-1, max-image-preview:large, max-video-preview:-1\" \/>\n<link rel=\"canonical\" href=\"https:\/\/middleearthvault.com\/?page_id=3\" \/>\n<meta property=\"og:locale\" content=\"pl_PL\" \/>\n<meta property=\"og:type\" content=\"article\" \/>\n<meta property=\"og:title\" content=\"Skarbiec \u015ar\u00f3dziemia - Skarbiec \u015ar\u00f3dziemia\" \/>\n<meta property=\"og:description\" content=\"Kim jeste\u015bmy Adres naszej strony internetowej to: https:\/\/middleearthvault.com. Zajmujemy si\u0119 tw\u00f3rczo\u015bci\u0105 J.R.R Tolkiena oraz ca\u0142ym \u015ar\u00f3dziemiem. Zapraszamy aby czerpa\u0107 wiedz\u0119 ze Skarbca \u015ar\u00f3dziemia. Prawa autorskie \u015ar\u00f3dziemie,\u00a0 Bohaterowie, Miejsca, Artefakty, Ziemie, Kraina natury, Ciekawostki oraz Wydarzenia wspomniane na tej stronie s\u0105 w\u0142asno\u015bci\u0105 J.R.R. Tolkiena i jego [&hellip;]\" \/>\n<meta property=\"og:url\" content=\"https:\/\/middleearthvault.com\/?page_id=3\" \/>\n<meta property=\"og:site_name\" content=\"Skarbiec \u015ar\u00f3dziemia\" \/>\n<meta property=\"article:modified_time\" content=\"2025-04-16T07:35:08+00:00\" \/>\n<meta property=\"og:image\" content=\"https:\/\/middleearthvault.com\/wp-content\/uploads\/2024\/09\/Rohirrimowie-2-150x150.jpg\" \/>\n<meta name=\"twitter:card\" content=\"summary_large_image\" \/>\n<meta name=\"twitter:label1\" content=\"Szacowany czas czytania\" \/>\n\t<meta name=\"twitter:data1\" content=\"4 minuty\" \/>\n<script type=\"application\/ld+json\" class=\"yoast-schema-graph\">{\"@context\":\"https:\\\/\\\/schema.org\",\"@graph\":[{\"@type\":\"WebPage\",\"@id\":\"https:\\\/\\\/middleearthvault.com\\\/?page_id=3\",\"url\":\"https:\\\/\\\/middleearthvault.com\\\/?page_id=3\",\"name\":\"Skarbiec \u015ar\u00f3dziemia - Skarbiec \u015ar\u00f3dziemia\",\"isPartOf\":{\"@id\":\"https:\\\/\\\/middleearthvault.com\\\/#website\"},\"primaryImageOfPage\":{\"@id\":\"https:\\\/\\\/middleearthvault.com\\\/?page_id=3#primaryimage\"},\"image\":{\"@id\":\"https:\\\/\\\/middleearthvault.com\\\/?page_id=3#primaryimage\"},\"thumbnailUrl\":\"http:\\\/\\\/middleearthvault.com\\\/wp-content\\\/uploads\\\/2024\\\/09\\\/Rohirrimowie-2-150x150.jpg\",\"datePublished\":\"2024-09-06T07:21:11+00:00\",\"dateModified\":\"2025-04-16T07:35:08+00:00\",\"breadcrumb\":{\"@id\":\"https:\\\/\\\/middleearthvault.com\\\/?page_id=3#breadcrumb\"},\"inLanguage\":\"pl-PL\",\"potentialAction\":[{\"@type\":\"ReadAction\",\"target\":[\"https:\\\/\\\/middleearthvault.com\\\/?page_id=3\"]}]},{\"@type\":\"ImageObject\",\"inLanguage\":\"pl-PL\",\"@id\":\"https:\\\/\\\/middleearthvault.com\\\/?page_id=3#primaryimage\",\"url\":\"https:\\\/\\\/middleearthvault.com\\\/wp-content\\\/uploads\\\/2024\\\/09\\\/Rohirrimowie-2.jpg\",\"contentUrl\":\"https:\\\/\\\/middleearthvault.com\\\/wp-content\\\/uploads\\\/2024\\\/09\\\/Rohirrimowie-2.jpg\",\"width\":1024,\"height\":1024},{\"@type\":\"BreadcrumbList\",\"@id\":\"https:\\\/\\\/middleearthvault.com\\\/?page_id=3#breadcrumb\",\"itemListElement\":[{\"@type\":\"ListItem\",\"position\":1,\"name\":\"Home\",\"item\":\"https:\\\/\\\/middleearthvault.com\\\/\"},{\"@type\":\"ListItem\",\"position\":2,\"name\":\"Skarbiec \u015ar\u00f3dziemia\"}]},{\"@type\":\"WebSite\",\"@id\":\"https:\\\/\\\/middleearthvault.com\\\/#website\",\"url\":\"https:\\\/\\\/middleearthvault.com\\\/\",\"name\":\"Skarbiec \u015ar\u00f3dziemia\",\"description\":\"Fanowska strona po\u015bwi\u0119cona tw\u00f3rczo\u015bci Tolkiena\",\"potentialAction\":[{\"@type\":\"SearchAction\",\"target\":{\"@type\":\"EntryPoint\",\"urlTemplate\":\"https:\\\/\\\/middleearthvault.com\\\/?s={search_term_string}\"},\"query-input\":{\"@type\":\"PropertyValueSpecification\",\"valueRequired\":true,\"valueName\":\"search_term_string\"}}],\"inLanguage\":\"pl-PL\"}]}<\/script>\n<!-- \/ Yoast SEO plugin. -->","yoast_head_json":{"title":"Skarbiec \u015ar\u00f3dziemia - Skarbiec \u015ar\u00f3dziemia","robots":{"index":"index","follow":"follow","max-snippet":"max-snippet:-1","max-image-preview":"max-image-preview:large","max-video-preview":"max-video-preview:-1"},"canonical":"https:\/\/middleearthvault.com\/?page_id=3","og_locale":"pl_PL","og_type":"article","og_title":"Skarbiec \u015ar\u00f3dziemia - Skarbiec \u015ar\u00f3dziemia","og_description":"Kim jeste\u015bmy Adres naszej strony internetowej to: https:\/\/middleearthvault.com. Zajmujemy si\u0119 tw\u00f3rczo\u015bci\u0105 J.R.R Tolkiena oraz ca\u0142ym \u015ar\u00f3dziemiem. Zapraszamy aby czerpa\u0107 wiedz\u0119 ze Skarbca \u015ar\u00f3dziemia. Prawa autorskie \u015ar\u00f3dziemie,\u00a0 Bohaterowie, Miejsca, Artefakty, Ziemie, Kraina natury, Ciekawostki oraz Wydarzenia wspomniane na tej stronie s\u0105 w\u0142asno\u015bci\u0105 J.R.R. Tolkiena i jego [&hellip;]","og_url":"https:\/\/middleearthvault.com\/?page_id=3","og_site_name":"Skarbiec \u015ar\u00f3dziemia","article_modified_time":"2025-04-16T07:35:08+00:00","og_image":[{"url":"https:\/\/middleearthvault.com\/wp-content\/uploads\/2024\/09\/Rohirrimowie-2-150x150.jpg","type":"","width":"","height":""}],"twitter_card":"summary_large_image","twitter_misc":{"Szacowany czas czytania":"4 minuty"},"schema":{"@context":"https:\/\/schema.org","@graph":[{"@type":"WebPage","@id":"https:\/\/middleearthvault.com\/?page_id=3","url":"https:\/\/middleearthvault.com\/?page_id=3","name":"Skarbiec \u015ar\u00f3dziemia - Skarbiec \u015ar\u00f3dziemia","isPartOf":{"@id":"https:\/\/middleearthvault.com\/#website"},"primaryImageOfPage":{"@id":"https:\/\/middleearthvault.com\/?page_id=3#primaryimage"},"image":{"@id":"https:\/\/middleearthvault.com\/?page_id=3#primaryimage"},"thumbnailUrl":"https:\/\/middleearthvault.com\/wp-content\/uploads\/2024\/09\/Rohirrimowie-2-150x150.jpg","datePublished":"2024-09-06T07:21:11+00:00","dateModified":"2025-04-16T07:35:08+00:00","breadcrumb":{"@id":"https:\/\/middleearthvault.com\/?page_id=3#breadcrumb"},"inLanguage":"pl-PL","potentialAction":[{"@type":"ReadAction","target":["https:\/\/middleearthvault.com\/?page_id=3"]}]},{"@type":"ImageObject","inLanguage":"pl-PL","@id":"https:\/\/middleearthvault.com\/?page_id=3#primaryimage","url":"https:\/\/middleearthvault.com\/wp-content\/uploads\/2024\/09\/Rohirrimowie-2.jpg","contentUrl":"https:\/\/middleearthvault.com\/wp-content\/uploads\/2024\/09\/Rohirrimowie-2.jpg","width":1024,"height":1024},{"@type":"BreadcrumbList","@id":"https:\/\/middleearthvault.com\/?page_id=3#breadcrumb","itemListElement":[{"@type":"ListItem","position":1,"name":"Home","item":"https:\/\/middleearthvault.com\/"},{"@type":"ListItem","position":2,"name":"Skarbiec \u015ar\u00f3dziemia"}]},{"@type":"WebSite","@id":"https:\/\/middleearthvault.com\/#website","url":"https:\/\/middleearthvault.com\/","name":"Skarbiec \u015ar\u00f3dziemia","description":"Fanowska strona po\u015bwi\u0119cona tw\u00f3rczo\u015bci Tolkiena","potentialAction":[{"@type":"SearchAction","target":{"@type":"EntryPoint","urlTemplate":"https:\/\/middleearthvault.com\/?s={search_term_string}"},"query-input":{"@type":"PropertyValueSpecification","valueRequired":true,"valueName":"search_term_string"}}],"inLanguage":"pl-PL"}]}},"_links":{"self":[{"href":"https:\/\/middleearthvault.com\/index.php?rest_route=\/wp\/v2\/pages\/3","targetHints":{"allow":["GET"]}}],"collection":[{"href":"https:\/\/middleearthvault.com\/index.php?rest_route=\/wp\/v2\/pages"}],"about":[{"href":"https:\/\/middleearthvault.com\/index.php?rest_route=\/wp\/v2\/types\/page"}],"author":[{"embeddable":true,"href":"https:\/\/middleearthvault.com\/index.php?rest_route=\/wp\/v2\/users\/1"}],"replies":[{"embeddable":true,"href":"https:\/\/middleearthvault.com\/index.php?rest_route=%2Fwp%2Fv2%2Fcomments&post=3"}],"version-history":[{"count":16,"href":"https:\/\/middleearthvault.com\/index.php?rest_route=\/wp\/v2\/pages\/3\/revisions"}],"predecessor-version":[{"id":592,"href":"https:\/\/middleearthvault.com\/index.php?rest_route=\/wp\/v2\/pages\/3\/revisions\/592"}],"wp:attachment":[{"href":"https:\/\/middleearthvault.com\/index.php?rest_route=%2Fwp%2Fv2%2Fmedia&parent=3"}],"curies":[{"name":"wp","href":"https:\/\/api.w.org\/{rel}","templated":true}]}}