{"id":537,"date":"2025-01-15T21:56:09","date_gmt":"2025-01-15T20:56:09","guid":{"rendered":"https:\/\/middleearthvault.com\/?page_id=537"},"modified":"2025-01-16T14:53:24","modified_gmt":"2025-01-16T13:53:24","slug":"kontakt","status":"publish","type":"page","link":"https:\/\/middleearthvault.com\/?page_id=537","title":{"rendered":"Kontakt"},"content":{"rendered":"\n<p>Gmail: skarbiecsrodziemia@gmail.com<\/p>\n\n\n\n<p><\/p>\n\n\n\n<p><\/p>\n","protected":false},"excerpt":{"rendered":"<p>Gmail: skarbiecsrodziemia@gmail.com<\/p>\n","protected":false},"author":1,"featured_media":0,"parent":0,"menu_order":0,"comment_status":"closed","ping_status":"closed","template":"","meta":{"om_disable_all_campaigns":false,"_monsterinsights_skip_tracking":false,"_monsterinsights_sitenote_active":false,"_monsterinsights_sitenote_note":"","_monsterinsights_sitenote_category":0,"_uf_show_specific_survey":0,"_uf_disable_surveys":false,"ngg_post_thumbnail":0,"footnotes":""},"class_list":["post-537","page","type-page","status-publish","hentry"],"aioseo_notices":[],"yoast_head":"<!-- This site is optimized with the Yoast SEO plugin v27.4 - https:\/\/yoast.com\/product\/yoast-seo-wordpress\/ -->\n<title>Kontakt - Skarbiec \u015ar\u00f3dziemia<\/title>\n<meta name=\"robots\" content=\"index, follow, max-snippet:-1, max-image-preview:large, max-video-preview:-1\" \/>\n<link rel=\"canonical\" href=\"https:\/\/middleearthvault.com\/?page_id=537\" \/>\n<meta property=\"og:locale\" content=\"pl_PL\" \/>\n<meta property=\"og:type\" content=\"article\" \/>\n<meta property=\"og:title\" content=\"Kontakt - Skarbiec \u015ar\u00f3dziemia\" \/>\n<meta property=\"og:description\" content=\"Gmail: skarbiecsrodziemia@gmail.com\" \/>\n<meta property=\"og:url\" content=\"https:\/\/middleearthvault.com\/?page_id=537\" \/>\n<meta property=\"og:site_name\" content=\"Skarbiec \u015ar\u00f3dziemia\" \/>\n<meta property=\"article:modified_time\" content=\"2025-01-16T13:53:24+00:00\" \/>\n<meta name=\"twitter:card\" content=\"summary_large_image\" \/>\n<meta name=\"twitter:label1\" content=\"Szacowany czas czytania\" \/>\n\t<meta name=\"twitter:data1\" content=\"1 minuta\" \/>\n<script type=\"application\/ld+json\" class=\"yoast-schema-graph\">{\"@context\":\"https:\\\/\\\/schema.org\",\"@graph\":[{\"@type\":\"WebPage\",\"@id\":\"https:\\\/\\\/middleearthvault.com\\\/?page_id=537\",\"url\":\"https:\\\/\\\/middleearthvault.com\\\/?page_id=537\",\"name\":\"Kontakt - Skarbiec \u015ar\u00f3dziemia\",\"isPartOf\":{\"@id\":\"https:\\\/\\\/middleearthvault.com\\\/#website\"},\"datePublished\":\"2025-01-15T20:56:09+00:00\",\"dateModified\":\"2025-01-16T13:53:24+00:00\",\"breadcrumb\":{\"@id\":\"https:\\\/\\\/middleearthvault.com\\\/?page_id=537#breadcrumb\"},\"inLanguage\":\"pl-PL\",\"potentialAction\":[{\"@type\":\"ReadAction\",\"target\":[\"https:\\\/\\\/middleearthvault.com\\\/?page_id=537\"]}]},{\"@type\":\"BreadcrumbList\",\"@id\":\"https:\\\/\\\/middleearthvault.com\\\/?page_id=537#breadcrumb\",\"itemListElement\":[{\"@type\":\"ListItem\",\"position\":1,\"name\":\"Home\",\"item\":\"https:\\\/\\\/middleearthvault.com\\\/\"},{\"@type\":\"ListItem\",\"position\":2,\"name\":\"Kontakt\"}]},{\"@type\":\"WebSite\",\"@id\":\"https:\\\/\\\/middleearthvault.com\\\/#website\",\"url\":\"https:\\\/\\\/middleearthvault.com\\\/\",\"name\":\"Skarbiec \u015ar\u00f3dziemia\",\"description\":\"Fanowska strona po\u015bwi\u0119cona tw\u00f3rczo\u015bci Tolkiena\",\"potentialAction\":[{\"@type\":\"SearchAction\",\"target\":{\"@type\":\"EntryPoint\",\"urlTemplate\":\"https:\\\/\\\/middleearthvault.com\\\/?s={search_term_string}\"},\"query-input\":{\"@type\":\"PropertyValueSpecification\",\"valueRequired\":true,\"valueName\":\"search_term_string\"}}],\"inLanguage\":\"pl-PL\"}]}<\/script>\n<!-- \/ Yoast SEO plugin. -->","yoast_head_json":{"title":"Kontakt - Skarbiec \u015ar\u00f3dziemia","robots":{"index":"index","follow":"follow","max-snippet":"max-snippet:-1","max-image-preview":"max-image-preview:large","max-video-preview":"max-video-preview:-1"},"canonical":"https:\/\/middleearthvault.com\/?page_id=537","og_locale":"pl_PL","og_type":"article","og_title":"Kontakt - Skarbiec \u015ar\u00f3dziemia","og_description":"Gmail: skarbiecsrodziemia@gmail.com","og_url":"https:\/\/middleearthvault.com\/?page_id=537","og_site_name":"Skarbiec \u015ar\u00f3dziemia","article_modified_time":"2025-01-16T13:53:24+00:00","twitter_card":"summary_large_image","twitter_misc":{"Szacowany czas czytania":"1 minuta"},"schema":{"@context":"https:\/\/schema.org","@graph":[{"@type":"WebPage","@id":"https:\/\/middleearthvault.com\/?page_id=537","url":"https:\/\/middleearthvault.com\/?page_id=537","name":"Kontakt - Skarbiec \u015ar\u00f3dziemia","isPartOf":{"@id":"https:\/\/middleearthvault.com\/#website"},"datePublished":"2025-01-15T20:56:09+00:00","dateModified":"2025-01-16T13:53:24+00:00","breadcrumb":{"@id":"https:\/\/middleearthvault.com\/?page_id=537#breadcrumb"},"inLanguage":"pl-PL","potentialAction":[{"@type":"ReadAction","target":["https:\/\/middleearthvault.com\/?page_id=537"]}]},{"@type":"BreadcrumbList","@id":"https:\/\/middleearthvault.com\/?page_id=537#breadcrumb","itemListElement":[{"@type":"ListItem","position":1,"name":"Home","item":"https:\/\/middleearthvault.com\/"},{"@type":"ListItem","position":2,"name":"Kontakt"}]},{"@type":"WebSite","@id":"https:\/\/middleearthvault.com\/#website","url":"https:\/\/middleearthvault.com\/","name":"Skarbiec \u015ar\u00f3dziemia","description":"Fanowska strona po\u015bwi\u0119cona tw\u00f3rczo\u015bci Tolkiena","potentialAction":[{"@type":"SearchAction","target":{"@type":"EntryPoint","urlTemplate":"https:\/\/middleearthvault.com\/?s={search_term_string}"},"query-input":{"@type":"PropertyValueSpecification","valueRequired":true,"valueName":"search_term_string"}}],"inLanguage":"pl-PL"}]}},"_links":{"self":[{"href":"https:\/\/middleearthvault.com\/index.php?rest_route=\/wp\/v2\/pages\/537","targetHints":{"allow":["GET"]}}],"collection":[{"href":"https:\/\/middleearthvault.com\/index.php?rest_route=\/wp\/v2\/pages"}],"about":[{"href":"https:\/\/middleearthvault.com\/index.php?rest_route=\/wp\/v2\/types\/page"}],"author":[{"embeddable":true,"href":"https:\/\/middleearthvault.com\/index.php?rest_route=\/wp\/v2\/users\/1"}],"replies":[{"embeddable":true,"href":"https:\/\/middleearthvault.com\/index.php?rest_route=%2Fwp%2Fv2%2Fcomments&post=537"}],"version-history":[{"count":2,"href":"https:\/\/middleearthvault.com\/index.php?rest_route=\/wp\/v2\/pages\/537\/revisions"}],"predecessor-version":[{"id":542,"href":"https:\/\/middleearthvault.com\/index.php?rest_route=\/wp\/v2\/pages\/537\/revisions\/542"}],"wp:attachment":[{"href":"https:\/\/middleearthvault.com\/index.php?rest_route=%2Fwp%2Fv2%2Fmedia&parent=537"}],"curies":[{"name":"wp","href":"https:\/\/api.w.org\/{rel}","templated":true}]}}